{"id":705,"date":"2024-08-13T00:21:55","date_gmt":"2024-08-13T00:21:55","guid":{"rendered":"https:\/\/gramentheme.com\/wp\/xbuild\/?page_id=705"},"modified":"2024-08-13T00:21:55","modified_gmt":"2024-08-13T00:21:55","slug":"blog-grid","status":"publish","type":"page","link":"https:\/\/www.prometal-tmf.com\/index.php\/blog-grid\/","title":{"rendered":"Blog Grid"},"content":{"rendered":"\t\t<div data-elementor-type=\"wp-page\" data-elementor-id=\"705\" class=\"elementor elementor-705\">\n\t\t\t\t<div class=\"elementor-element elementor-element-8d71622 e-flex e-con-boxed e-con e-parent\" data-id=\"8d71622\" data-element_type=\"container\" data-e-type=\"container\">\n\t\t\t\t\t<div class=\"e-con-inner\">\n\t\t\t\t<div class=\"elementor-element elementor-element-c6b9282 elementor-widget elementor-widget-konstic-blog-post-widget\" data-id=\"c6b9282\" data-element_type=\"widget\" data-e-type=\"widget\" data-widget_type=\"konstic-blog-post-widget.default\">\n\t\t\t\t<div class=\"elementor-widget-container\">\n\t\t\t\t\t\r\n        \r\n        \r\n            <div class=\"row\">\r\n                 \r\n                <div class=\"col-lg-4 col-md-6\">\r\n                    <div class=\"news-box-items\">\r\n                                                <div class=\"news-image\">\r\n                            <img decoding=\"async\" src=\"https:\/\/www.prometal-tmf.com\/wp-content\/uploads\/2026\/03\/metal-shutter.jpg\" alt=\"Fa\u00e7ade d&#039;un b\u00e2timent commercial moderne \u00e9quip\u00e9e de stores v\u00e9nitiens ext\u00e9rieurs m\u00e9talliques et de fen\u00eatres en aluminium install\u00e9s par PROMETAL TMF.\">\r\n                            <img decoding=\"async\" src=\"https:\/\/www.prometal-tmf.com\/wp-content\/uploads\/2026\/03\/metal-shutter.jpg\" alt=\"Fa\u00e7ade d&#039;un b\u00e2timent commercial moderne \u00e9quip\u00e9e de stores v\u00e9nitiens ext\u00e9rieurs m\u00e9talliques et de fen\u00eatres en aluminium install\u00e9s par PROMETAL TMF.\">\r\n                        <\/div>\r\n                                                <div class=\"news-content\">\r\n                            <ul class=\"post-list\">\r\n                            \r\n                                                                <li>\r\n                                    <i class=\"fa-solid fa-folder-open me-2\"><\/i> \r\n                                    <a href=\"https:\/\/www.prometal-tmf.com\/index.php\/category\/general\/\">General<\/a>                       \r\n                                <\/li>\r\n                                                                                                <li>\r\n                                    <i class=\"fa-solid fa-calendar-days me-2\"><\/i> \r\n                                    mars 10, 2026                    \r\n                                <\/li>\r\n                                                            <\/ul>\r\n                            <h4>\r\n                                <a href=\"https:\/\/www.prometal-tmf.com\/index.php\/2026\/03\/10\/garde-corps-escaliers-et-portails-allier-securite-et-design-pour-votre-exterieur\/\">Garde-corps, escaliers et portails : allier s\u00e9curit\u00e9 et design pour votre ext\u00e9rieur<\/a>\r\n                            <\/h4>\r\n                            <div class=\"author-items\">\r\n                                <div class=\"author-info\">\r\n                                    <img decoding=\"async\" src=\"https:\/\/www.prometal-tmf.com\/wp-content\/litespeed\/avatar\/b0c0d4a7f83ed5778090e57db1338627.jpg?ver=1775079010\" alt=\"Mohammed Fouad\" \/>                                    <div class=\"content\">\r\n                                        <h6>Posted By<\/h6>\r\n                                        <p>Mohammed Fouad<\/p>\r\n                                    <\/div>\r\n                                <\/div>\r\n                                <a href=\"https:\/\/www.prometal-tmf.com\/index.php\/2026\/03\/10\/garde-corps-escaliers-et-portails-allier-securite-et-design-pour-votre-exterieur\/\" class=\"link-btn\">Read More <i class=\"fa-solid fa-arrow-right\"><\/i><\/a>\r\n                            <\/div>\r\n                        <\/div>\r\n                    <\/div>\r\n                <\/div>\r\n                 \r\n                <div class=\"col-lg-4 col-md-6\">\r\n                    <div class=\"news-box-items\">\r\n                                                <div class=\"news-image\">\r\n                            <img decoding=\"async\" src=\"https:\/\/www.prometal-tmf.com\/wp-content\/uploads\/2026\/03\/exterior-modern-residential-building-square.webp\" alt=\"Portail et portillon m\u00e9talliques modernes sur mesure, noirs avec inserts en bois et syst\u00e8me d&#039;interphone int\u00e9gr\u00e9, r\u00e9alis\u00e9s par PROMETAL TMF\">\r\n                            <img decoding=\"async\" src=\"https:\/\/www.prometal-tmf.com\/wp-content\/uploads\/2026\/03\/exterior-modern-residential-building-square.webp\" alt=\"Portail et portillon m\u00e9talliques modernes sur mesure, noirs avec inserts en bois et syst\u00e8me d&#039;interphone int\u00e9gr\u00e9, r\u00e9alis\u00e9s par PROMETAL TMF\">\r\n                        <\/div>\r\n                                                <div class=\"news-content\">\r\n                            <ul class=\"post-list\">\r\n                            \r\n                                                                <li>\r\n                                    <i class=\"fa-solid fa-folder-open me-2\"><\/i> \r\n                                    <a href=\"https:\/\/www.prometal-tmf.com\/index.php\/category\/general\/\">General<\/a>                       \r\n                                <\/li>\r\n                                                                                                <li>\r\n                                    <i class=\"fa-solid fa-calendar-days me-2\"><\/i> \r\n                                    mars 10, 2026                    \r\n                                <\/li>\r\n                                                            <\/ul>\r\n                            <h4>\r\n                                <a href=\"https:\/\/www.prometal-tmf.com\/index.php\/2026\/03\/10\/verriere-dinterieur-sur-mesure-la-touche-delegance-pour-sublimer-vos-espaces\/\">Verri\u00e8re d&rsquo;int\u00e9rieur sur mesure : la touche d&rsquo;\u00e9l\u00e9gance pour sublimer vos espaces<\/a>\r\n                            <\/h4>\r\n                            <div class=\"author-items\">\r\n                                <div class=\"author-info\">\r\n                                    <img decoding=\"async\" src=\"https:\/\/www.prometal-tmf.com\/wp-content\/litespeed\/avatar\/b0c0d4a7f83ed5778090e57db1338627.jpg?ver=1775079010\" alt=\"Mohammed Fouad\" \/>                                    <div class=\"content\">\r\n                                        <h6>Posted By<\/h6>\r\n                                        <p>Mohammed Fouad<\/p>\r\n                                    <\/div>\r\n                                <\/div>\r\n                                <a href=\"https:\/\/www.prometal-tmf.com\/index.php\/2026\/03\/10\/verriere-dinterieur-sur-mesure-la-touche-delegance-pour-sublimer-vos-espaces\/\" class=\"link-btn\">Read More <i class=\"fa-solid fa-arrow-right\"><\/i><\/a>\r\n                            <\/div>\r\n                        <\/div>\r\n                    <\/div>\r\n                <\/div>\r\n                 \r\n                <div class=\"col-lg-4 col-md-6\">\r\n                    <div class=\"news-box-items\">\r\n                                                <div class=\"news-image\">\r\n                            <img decoding=\"async\" src=\"https:\/\/www.prometal-tmf.com\/wp-content\/uploads\/2026\/03\/background-wall-concept-with-copy-space.webp\" alt=\"background-wall-concept-with-copy-space\">\r\n                            <img decoding=\"async\" src=\"https:\/\/www.prometal-tmf.com\/wp-content\/uploads\/2026\/03\/background-wall-concept-with-copy-space.webp\" alt=\"background-wall-concept-with-copy-space\">\r\n                        <\/div>\r\n                                                <div class=\"news-content\">\r\n                            <ul class=\"post-list\">\r\n                            \r\n                                                                <li>\r\n                                    <i class=\"fa-solid fa-folder-open me-2\"><\/i> \r\n                                    <a href=\"https:\/\/www.prometal-tmf.com\/index.php\/category\/general\/\">General<\/a>                       \r\n                                <\/li>\r\n                                                                                                <li>\r\n                                    <i class=\"fa-solid fa-calendar-days me-2\"><\/i> \r\n                                    mars 10, 2026                    \r\n                                <\/li>\r\n                                                            <\/ul>\r\n                            <h4>\r\n                                <a href=\"https:\/\/www.prometal-tmf.com\/index.php\/2026\/03\/10\/pourquoi-le-rideau-metallique-est-indispensable-pour-securiser-votre-commerce\/\">Pourquoi le rideau m\u00e9tallique est indispensable pour s\u00e9curiser votre commerce ?<\/a>\r\n                            <\/h4>\r\n                            <div class=\"author-items\">\r\n                                <div class=\"author-info\">\r\n                                    <img decoding=\"async\" src=\"https:\/\/www.prometal-tmf.com\/wp-content\/litespeed\/avatar\/b0c0d4a7f83ed5778090e57db1338627.jpg?ver=1775079010\" alt=\"Mohammed Fouad\" \/>                                    <div class=\"content\">\r\n                                        <h6>Posted By<\/h6>\r\n                                        <p>Mohammed Fouad<\/p>\r\n                                    <\/div>\r\n                                <\/div>\r\n                                <a href=\"https:\/\/www.prometal-tmf.com\/index.php\/2026\/03\/10\/pourquoi-le-rideau-metallique-est-indispensable-pour-securiser-votre-commerce\/\" class=\"link-btn\">Read More <i class=\"fa-solid fa-arrow-right\"><\/i><\/a>\r\n                            <\/div>\r\n                        <\/div>\r\n                    <\/div>\r\n                <\/div>\r\n                                                    <div class=\"col-lg-12\">\r\n                        <div class=\"blog-pagination text-start margin-top-20\">\r\n                            \r\n                                \r\n                        <\/div>\r\n                    <\/div>\r\n                            <\/div>\r\n\r\n        \t\r\n\r\n        \t\t\t\t<\/div>\n\t\t\t\t<\/div>\n\t\t\t\t\t<\/div>\n\t\t\t\t<\/div>\n\t\t\t\t<\/div>\n\t\t","protected":false},"excerpt":{"rendered":"<p>Building August 11, 2024 Effective Security Practices for Construction Projects Posted By konstic Read More Factory August 11, 2024 Building a Secure Construction Site: Best Practices and Tips Posted By konstic Read More Factory August 11, 2024 Top Strategies for Ensuring Construction Site Safety Posted By konstic Read More Factory August 11, 2024 Essential Measures<\/p>\n","protected":false},"author":1,"featured_media":0,"parent":0,"menu_order":0,"comment_status":"closed","ping_status":"closed","template":"elementor_header_footer","meta":{"inline_featured_image":false,"footnotes":""},"class_list":["post-705","page","type-page","status-publish","hentry"],"yoast_head":"<!-- This site is optimized with the Yoast SEO plugin v27.1.1 - https:\/\/yoast.com\/product\/yoast-seo-wordpress\/ -->\n<title>Blog Grid - PROMETAL TMF<\/title>\n<meta name=\"robots\" content=\"index, follow, max-snippet:-1, max-image-preview:large, max-video-preview:-1\" \/>\n<link rel=\"canonical\" href=\"https:\/\/www.prometal-tmf.com\/index.php\/blog-grid\/\" \/>\n<meta property=\"og:locale\" content=\"fr_FR\" \/>\n<meta property=\"og:type\" content=\"article\" \/>\n<meta property=\"og:title\" content=\"Blog Grid - PROMETAL TMF\" \/>\n<meta property=\"og:description\" content=\"Building August 11, 2024 Effective Security Practices for Construction Projects Posted By konstic Read More Factory August 11, 2024 Building a Secure Construction Site: Best Practices and Tips Posted By konstic Read More Factory August 11, 2024 Top Strategies for Ensuring Construction Site Safety Posted By konstic Read More Factory August 11, 2024 Essential Measures\" \/>\n<meta property=\"og:url\" content=\"https:\/\/www.prometal-tmf.com\/index.php\/blog-grid\/\" \/>\n<meta property=\"og:site_name\" content=\"PROMETAL TMF\" \/>\n<meta property=\"article:publisher\" content=\"https:\/\/www.facebook.com\/fouad.smith.58\/\" \/>\n<meta property=\"og:image\" content=\"http:\/\/konstic.test\/wp-content\/uploads\/2024\/08\/blog-3.jpg\" \/>\n<meta name=\"twitter:card\" content=\"summary_large_image\" \/>\n<script type=\"application\/ld+json\" class=\"yoast-schema-graph\">{\"@context\":\"https:\/\/schema.org\",\"@graph\":[{\"@type\":\"WebPage\",\"@id\":\"https:\/\/www.prometal-tmf.com\/index.php\/blog-grid\/\",\"url\":\"https:\/\/www.prometal-tmf.com\/index.php\/blog-grid\/\",\"name\":\"Blog Grid - PROMETAL TMF\",\"isPartOf\":{\"@id\":\"https:\/\/www.prometal-tmf.com\/#website\"},\"primaryImageOfPage\":{\"@id\":\"https:\/\/www.prometal-tmf.com\/index.php\/blog-grid\/#primaryimage\"},\"image\":{\"@id\":\"https:\/\/www.prometal-tmf.com\/index.php\/blog-grid\/#primaryimage\"},\"thumbnailUrl\":\"http:\/\/konstic.test\/wp-content\/uploads\/2024\/08\/blog-3.jpg\",\"datePublished\":\"2024-08-13T00:21:55+00:00\",\"breadcrumb\":{\"@id\":\"https:\/\/www.prometal-tmf.com\/index.php\/blog-grid\/#breadcrumb\"},\"inLanguage\":\"fr-FR\",\"potentialAction\":[{\"@type\":\"ReadAction\",\"target\":[\"https:\/\/www.prometal-tmf.com\/index.php\/blog-grid\/\"]}]},{\"@type\":\"ImageObject\",\"inLanguage\":\"fr-FR\",\"@id\":\"https:\/\/www.prometal-tmf.com\/index.php\/blog-grid\/#primaryimage\",\"url\":\"http:\/\/konstic.test\/wp-content\/uploads\/2024\/08\/blog-3.jpg\",\"contentUrl\":\"http:\/\/konstic.test\/wp-content\/uploads\/2024\/08\/blog-3.jpg\"},{\"@type\":\"BreadcrumbList\",\"@id\":\"https:\/\/www.prometal-tmf.com\/index.php\/blog-grid\/#breadcrumb\",\"itemListElement\":[{\"@type\":\"ListItem\",\"position\":1,\"name\":\"Accueil\",\"item\":\"https:\/\/www.prometal-tmf.com\/\"},{\"@type\":\"ListItem\",\"position\":2,\"name\":\"Blog Grid\"}]},{\"@type\":\"WebSite\",\"@id\":\"https:\/\/www.prometal-tmf.com\/#website\",\"url\":\"https:\/\/www.prometal-tmf.com\/\",\"name\":\"Prometal Tmf\",\"description\":\"Ferronnerie, M\u00e9tallerie &amp; Rideaux M\u00e9talliques En Algerie\",\"publisher\":{\"@id\":\"https:\/\/www.prometal-tmf.com\/#organization\"},\"potentialAction\":[{\"@type\":\"SearchAction\",\"target\":{\"@type\":\"EntryPoint\",\"urlTemplate\":\"https:\/\/www.prometal-tmf.com\/?s={search_term_string}\"},\"query-input\":{\"@type\":\"PropertyValueSpecification\",\"valueRequired\":true,\"valueName\":\"search_term_string\"}}],\"inLanguage\":\"fr-FR\"},{\"@type\":\"Organization\",\"@id\":\"https:\/\/www.prometal-tmf.com\/#organization\",\"name\":\"Prometal Tmf\",\"url\":\"https:\/\/www.prometal-tmf.com\/\",\"logo\":{\"@type\":\"ImageObject\",\"inLanguage\":\"fr-FR\",\"@id\":\"https:\/\/www.prometal-tmf.com\/#\/schema\/logo\/image\/\",\"url\":\"https:\/\/www.prometal-tmf.com\/wp-content\/uploads\/2026\/03\/logo.svg\",\"contentUrl\":\"https:\/\/www.prometal-tmf.com\/wp-content\/uploads\/2026\/03\/logo.svg\",\"width\":1080,\"height\":565,\"caption\":\"Prometal Tmf\"},\"image\":{\"@id\":\"https:\/\/www.prometal-tmf.com\/#\/schema\/logo\/image\/\"},\"sameAs\":[\"https:\/\/www.facebook.com\/fouad.smith.58\/\",\"https:\/\/www.tiktok.com\/@prometal.tmf\"]}]}<\/script>\n<!-- \/ Yoast SEO plugin. -->","yoast_head_json":{"title":"Blog Grid - PROMETAL TMF","robots":{"index":"index","follow":"follow","max-snippet":"max-snippet:-1","max-image-preview":"max-image-preview:large","max-video-preview":"max-video-preview:-1"},"canonical":"https:\/\/www.prometal-tmf.com\/index.php\/blog-grid\/","og_locale":"fr_FR","og_type":"article","og_title":"Blog Grid - PROMETAL TMF","og_description":"Building August 11, 2024 Effective Security Practices for Construction Projects Posted By konstic Read More Factory August 11, 2024 Building a Secure Construction Site: Best Practices and Tips Posted By konstic Read More Factory August 11, 2024 Top Strategies for Ensuring Construction Site Safety Posted By konstic Read More Factory August 11, 2024 Essential Measures","og_url":"https:\/\/www.prometal-tmf.com\/index.php\/blog-grid\/","og_site_name":"PROMETAL TMF","article_publisher":"https:\/\/www.facebook.com\/fouad.smith.58\/","og_image":[{"url":"http:\/\/konstic.test\/wp-content\/uploads\/2024\/08\/blog-3.jpg","type":"","width":"","height":""}],"twitter_card":"summary_large_image","schema":{"@context":"https:\/\/schema.org","@graph":[{"@type":"WebPage","@id":"https:\/\/www.prometal-tmf.com\/index.php\/blog-grid\/","url":"https:\/\/www.prometal-tmf.com\/index.php\/blog-grid\/","name":"Blog Grid - PROMETAL TMF","isPartOf":{"@id":"https:\/\/www.prometal-tmf.com\/#website"},"primaryImageOfPage":{"@id":"https:\/\/www.prometal-tmf.com\/index.php\/blog-grid\/#primaryimage"},"image":{"@id":"https:\/\/www.prometal-tmf.com\/index.php\/blog-grid\/#primaryimage"},"thumbnailUrl":"http:\/\/konstic.test\/wp-content\/uploads\/2024\/08\/blog-3.jpg","datePublished":"2024-08-13T00:21:55+00:00","breadcrumb":{"@id":"https:\/\/www.prometal-tmf.com\/index.php\/blog-grid\/#breadcrumb"},"inLanguage":"fr-FR","potentialAction":[{"@type":"ReadAction","target":["https:\/\/www.prometal-tmf.com\/index.php\/blog-grid\/"]}]},{"@type":"ImageObject","inLanguage":"fr-FR","@id":"https:\/\/www.prometal-tmf.com\/index.php\/blog-grid\/#primaryimage","url":"http:\/\/konstic.test\/wp-content\/uploads\/2024\/08\/blog-3.jpg","contentUrl":"http:\/\/konstic.test\/wp-content\/uploads\/2024\/08\/blog-3.jpg"},{"@type":"BreadcrumbList","@id":"https:\/\/www.prometal-tmf.com\/index.php\/blog-grid\/#breadcrumb","itemListElement":[{"@type":"ListItem","position":1,"name":"Accueil","item":"https:\/\/www.prometal-tmf.com\/"},{"@type":"ListItem","position":2,"name":"Blog Grid"}]},{"@type":"WebSite","@id":"https:\/\/www.prometal-tmf.com\/#website","url":"https:\/\/www.prometal-tmf.com\/","name":"Prometal Tmf","description":"Ferronnerie, M\u00e9tallerie &amp; Rideaux M\u00e9talliques En Algerie","publisher":{"@id":"https:\/\/www.prometal-tmf.com\/#organization"},"potentialAction":[{"@type":"SearchAction","target":{"@type":"EntryPoint","urlTemplate":"https:\/\/www.prometal-tmf.com\/?s={search_term_string}"},"query-input":{"@type":"PropertyValueSpecification","valueRequired":true,"valueName":"search_term_string"}}],"inLanguage":"fr-FR"},{"@type":"Organization","@id":"https:\/\/www.prometal-tmf.com\/#organization","name":"Prometal Tmf","url":"https:\/\/www.prometal-tmf.com\/","logo":{"@type":"ImageObject","inLanguage":"fr-FR","@id":"https:\/\/www.prometal-tmf.com\/#\/schema\/logo\/image\/","url":"https:\/\/www.prometal-tmf.com\/wp-content\/uploads\/2026\/03\/logo.svg","contentUrl":"https:\/\/www.prometal-tmf.com\/wp-content\/uploads\/2026\/03\/logo.svg","width":1080,"height":565,"caption":"Prometal Tmf"},"image":{"@id":"https:\/\/www.prometal-tmf.com\/#\/schema\/logo\/image\/"},"sameAs":["https:\/\/www.facebook.com\/fouad.smith.58\/","https:\/\/www.tiktok.com\/@prometal.tmf"]}]}},"_links":{"self":[{"href":"https:\/\/www.prometal-tmf.com\/index.php\/wp-json\/wp\/v2\/pages\/705","targetHints":{"allow":["GET"]}}],"collection":[{"href":"https:\/\/www.prometal-tmf.com\/index.php\/wp-json\/wp\/v2\/pages"}],"about":[{"href":"https:\/\/www.prometal-tmf.com\/index.php\/wp-json\/wp\/v2\/types\/page"}],"author":[{"embeddable":true,"href":"https:\/\/www.prometal-tmf.com\/index.php\/wp-json\/wp\/v2\/users\/1"}],"replies":[{"embeddable":true,"href":"https:\/\/www.prometal-tmf.com\/index.php\/wp-json\/wp\/v2\/comments?post=705"}],"version-history":[{"count":0,"href":"https:\/\/www.prometal-tmf.com\/index.php\/wp-json\/wp\/v2\/pages\/705\/revisions"}],"wp:attachment":[{"href":"https:\/\/www.prometal-tmf.com\/index.php\/wp-json\/wp\/v2\/media?parent=705"}],"curies":[{"name":"wp","href":"https:\/\/api.w.org\/{rel}","templated":true}]}}